{"id":2,"date":"2016-05-10T03:48:21","date_gmt":"2016-05-10T03:48:21","guid":{"rendered":"http:\/\/wp452m.a10-52-158-154.qa.plesk.ru\/wordpress\/?page_id=2"},"modified":"2023-04-13T08:57:35","modified_gmt":"2023-04-13T06:57:35","slug":"sample-page","status":"publish","type":"page","link":"http:\/\/arbeitsinitiative-letschin.de\/?page_id=2","title":{"rendered":"Korbmachermuseum"},"content":{"rendered":"\n<div class=\"wp-block-group\"><div class=\"wp-block-group__inner-container is-layout-flow wp-block-group-is-layout-flow\">\n<figure class=\"wp-block-image size-large is-style-default\"><img loading=\"lazy\" decoding=\"async\" width=\"2000\" height=\"1125\" src=\"http:\/\/arbeitsinitiative-letschin.de\/wp-content\/uploads\/2022\/10\/IMG_20220810_100242-edited.jpg\" alt=\"\" class=\"wp-image-987\" srcset=\"http:\/\/arbeitsinitiative-letschin.de\/wp-content\/uploads\/2022\/10\/IMG_20220810_100242-edited.jpg 2000w, http:\/\/arbeitsinitiative-letschin.de\/wp-content\/uploads\/2022\/10\/IMG_20220810_100242-edited-300x169.jpg 300w, http:\/\/arbeitsinitiative-letschin.de\/wp-content\/uploads\/2022\/10\/IMG_20220810_100242-edited-1024x576.jpg 1024w, http:\/\/arbeitsinitiative-letschin.de\/wp-content\/uploads\/2022\/10\/IMG_20220810_100242-edited-768x432.jpg 768w, http:\/\/arbeitsinitiative-letschin.de\/wp-content\/uploads\/2022\/10\/IMG_20220810_100242-edited-1536x864.jpg 1536w, http:\/\/arbeitsinitiative-letschin.de\/wp-content\/uploads\/2022\/10\/IMG_20220810_100242-edited-624x351.jpg 624w\" sizes=\"auto, (max-width: 2000px) 100vw, 2000px\" \/><\/figure>\n<\/div><\/div>\n\n\n<p>Das einstige Schulgeb\u00e4ude in Buschdorf beherbergt seit 01.01.2002 das einzige Korbmachermuseum Brandenburgs.<\/p>\n<p>Die Korbmachermeisterin Thea M\u00fcller war eine der letzten, die im Oderbruch Weidenruten schneiden, sch\u00e4len und zu K\u00f6rben flechten konnte. Im Museum pr\u00e4sentierte sie Flechtwaren von \u00fcber 1.000 Exemplare aus aller Herren L\u00e4nder und nat\u00fcrlich das Korbflechthandwerk. Bei Ihren fachlichen F\u00fchrungen konnten G\u00e4ste einen beeindruckenden Einblick in das Traditionshandwerk erhalten. Thea M\u00fcller verstarb im Oktober 2019.<\/p>\n<p>Bereits 2017 wurde das Korbmachermuseum als Kulturerbe-St\u00e4tte Oderbruch durch das Oderbruch Museum Altranft ausgewiesen.<\/p>\n<p>Die Arbeitsinitiative Letschin e.V. f\u00fchrt seit dem 01.08.2020 das Korbmachermuseum weiter, um diese einmalige Ausstellung weiterhin einer breiten \u00d6ffentlichkeit zu pr\u00e4sentieren.<\/p>\n\n\n<hr class=\"wp-block-separator\"\/>\n\n\n<p style=\"text-align: center;\"><strong>Korbmachermuseum Alte Schule<\/strong><\/p>\n<p style=\"text-align: center;\"><strong>Buschdorfer Stra\u00dfe 15<\/strong><\/p>\n<p style=\"text-align: center;\"><strong>15328 Zechin\/ OT Buschdorf<\/strong><\/p>\n<p style=\"text-align: center;\"><strong>Telefonische Anmeldung: 0173 \/ 7720326<\/strong><\/p>\n\n\n<hr class=\"wp-block-separator\"\/>\n\n\n\n<div class=\"wp-block-media-text alignwide is-stacked-on-mobile is-vertically-aligned-top\" style=\"grid-template-columns:46% auto\"><figure class=\"wp-block-media-text__media\"><img loading=\"lazy\" decoding=\"async\" width=\"1024\" height=\"749\" src=\"http:\/\/arbeitsinitiative-letschin.de\/wp-content\/uploads\/2023\/04\/P1130038_Oppelt_Go\u0308hring-1024x749.jpg\" alt=\"\" class=\"wp-image-1026 size-full\" srcset=\"http:\/\/arbeitsinitiative-letschin.de\/wp-content\/uploads\/2023\/04\/P1130038_Oppelt_Go\u0308hring-1024x749.jpg 1024w, http:\/\/arbeitsinitiative-letschin.de\/wp-content\/uploads\/2023\/04\/P1130038_Oppelt_Go\u0308hring-300x219.jpg 300w, http:\/\/arbeitsinitiative-letschin.de\/wp-content\/uploads\/2023\/04\/P1130038_Oppelt_Go\u0308hring-768x562.jpg 768w, http:\/\/arbeitsinitiative-letschin.de\/wp-content\/uploads\/2023\/04\/P1130038_Oppelt_Go\u0308hring-1536x1123.jpg 1536w, http:\/\/arbeitsinitiative-letschin.de\/wp-content\/uploads\/2023\/04\/P1130038_Oppelt_Go\u0308hring-2048x1498.jpg 2048w, http:\/\/arbeitsinitiative-letschin.de\/wp-content\/uploads\/2023\/04\/P1130038_Oppelt_Go\u0308hring-624x456.jpg 624w\" sizes=\"auto, (max-width: 1024px) 100vw, 1024px\" \/><\/figure><div class=\"wp-block-media-text__content\">\n<p>2022 wurde f\u00fcr das Museum ein Audioguide erstellt, der Hintergrundinformationen zu zahlreichen Exponaten, dem Korbmacherhandwerk sowie dem Werkstoff Weide vermittelt. Produziert wurde der Audioguide durch Anne G\u00f6hring und Olaf Selg vom Berliner LAND-LAB (<a rel=\"noreferrer noopener\" href=\"http:\/\/annegoehring.de\/land-lab\/\" target=\"_blank\">www.land-lab.de<\/a>), in Zusammenarbeit mit der Arbeitsinitiative Letschin e. V., dem Korbmachermuseum Buschdorf und Expert*innen zur Weide und zur Korbmacherei. Angeh\u00f6rt werden kann er im Museum per Smartphone. <\/p>\n<\/div><\/div>\n\n\n\n<div class=\"wp-block-image is-style-rounded\"><figure class=\"aligncenter size-large is-resized\"><a href=\"https:\/\/archiv.oderbruchmuseum.de\/korbmachermuseum-buschdorf\/\" target=\"_blank\" rel=\"noopener\"><img loading=\"lazy\" decoding=\"async\" src=\"http:\/\/arbeitsinitiative-letschin.de\/wp-content\/uploads\/2023\/04\/Korbmachermuseum_Audioguide-1024x981.png\" alt=\"\" class=\"wp-image-1025\" width=\"178\" height=\"170\" srcset=\"http:\/\/arbeitsinitiative-letschin.de\/wp-content\/uploads\/2023\/04\/Korbmachermuseum_Audioguide-1024x981.png 1024w, http:\/\/arbeitsinitiative-letschin.de\/wp-content\/uploads\/2023\/04\/Korbmachermuseum_Audioguide-300x288.png 300w, http:\/\/arbeitsinitiative-letschin.de\/wp-content\/uploads\/2023\/04\/Korbmachermuseum_Audioguide-768x736.png 768w, http:\/\/arbeitsinitiative-letschin.de\/wp-content\/uploads\/2023\/04\/Korbmachermuseum_Audioguide-624x598.png 624w, http:\/\/arbeitsinitiative-letschin.de\/wp-content\/uploads\/2023\/04\/Korbmachermuseum_Audioguide.png 1371w\" sizes=\"auto, (max-width: 178px) 100vw, 178px\" \/><\/a><figcaption><a href=\"https:\/\/archiv.oderbruchmuseum.de\/korbmachermuseum-buschdorf\/\" target=\"_blank\" rel=\"noreferrer noopener\">Audioguide zum Korbmachermuseum<\/a><\/figcaption><\/figure><\/div>\n\n\n\n<figure class=\"wp-block-gallery columns-2 wp-block-gallery-1 is-layout-flex wp-block-gallery-is-layout-flex\"><ul class=\"blocks-gallery-grid\"><li class=\"blocks-gallery-item\"><figure><a href=\"http:\/\/arbeitsinitiative-letschin.de\/wp-content\/uploads\/2022\/10\/IMG_20220810_095843-scaled.jpg\"><img loading=\"lazy\" decoding=\"async\" width=\"768\" height=\"1024\" src=\"http:\/\/arbeitsinitiative-letschin.de\/wp-content\/uploads\/2022\/10\/IMG_20220810_095843-768x1024.jpg\" alt=\"\" data-id=\"988\" data-full-url=\"http:\/\/arbeitsinitiative-letschin.de\/wp-content\/uploads\/2022\/10\/IMG_20220810_095843-scaled.jpg\" data-link=\"http:\/\/arbeitsinitiative-letschin.de\/?attachment_id=988\" class=\"wp-image-988\" srcset=\"http:\/\/arbeitsinitiative-letschin.de\/wp-content\/uploads\/2022\/10\/IMG_20220810_095843-768x1024.jpg 768w, http:\/\/arbeitsinitiative-letschin.de\/wp-content\/uploads\/2022\/10\/IMG_20220810_095843-225x300.jpg 225w, http:\/\/arbeitsinitiative-letschin.de\/wp-content\/uploads\/2022\/10\/IMG_20220810_095843-1152x1536.jpg 1152w, http:\/\/arbeitsinitiative-letschin.de\/wp-content\/uploads\/2022\/10\/IMG_20220810_095843-1536x2048.jpg 1536w, http:\/\/arbeitsinitiative-letschin.de\/wp-content\/uploads\/2022\/10\/IMG_20220810_095843-624x832.jpg 624w, http:\/\/arbeitsinitiative-letschin.de\/wp-content\/uploads\/2022\/10\/IMG_20220810_095843-scaled.jpg 1920w\" sizes=\"auto, (max-width: 768px) 100vw, 768px\" \/><\/a><\/figure><\/li><li class=\"blocks-gallery-item\"><figure><a href=\"http:\/\/arbeitsinitiative-letschin.de\/wp-content\/uploads\/2022\/10\/IMG_20220810_095859-scaled.jpg\"><img loading=\"lazy\" decoding=\"async\" width=\"768\" height=\"1024\" src=\"http:\/\/arbeitsinitiative-letschin.de\/wp-content\/uploads\/2022\/10\/IMG_20220810_095859-768x1024.jpg\" alt=\"\" data-id=\"989\" data-full-url=\"http:\/\/arbeitsinitiative-letschin.de\/wp-content\/uploads\/2022\/10\/IMG_20220810_095859-scaled.jpg\" data-link=\"http:\/\/arbeitsinitiative-letschin.de\/?attachment_id=989\" class=\"wp-image-989\" srcset=\"http:\/\/arbeitsinitiative-letschin.de\/wp-content\/uploads\/2022\/10\/IMG_20220810_095859-768x1024.jpg 768w, http:\/\/arbeitsinitiative-letschin.de\/wp-content\/uploads\/2022\/10\/IMG_20220810_095859-225x300.jpg 225w, http:\/\/arbeitsinitiative-letschin.de\/wp-content\/uploads\/2022\/10\/IMG_20220810_095859-1152x1536.jpg 1152w, http:\/\/arbeitsinitiative-letschin.de\/wp-content\/uploads\/2022\/10\/IMG_20220810_095859-1536x2048.jpg 1536w, http:\/\/arbeitsinitiative-letschin.de\/wp-content\/uploads\/2022\/10\/IMG_20220810_095859-624x832.jpg 624w, http:\/\/arbeitsinitiative-letschin.de\/wp-content\/uploads\/2022\/10\/IMG_20220810_095859-scaled.jpg 1920w\" sizes=\"auto, (max-width: 768px) 100vw, 768px\" \/><\/a><\/figure><\/li><li class=\"blocks-gallery-item\"><figure><a href=\"http:\/\/arbeitsinitiative-letschin.de\/wp-content\/uploads\/2022\/10\/IMG_20220810_100332-scaled.jpg\"><img loading=\"lazy\" decoding=\"async\" width=\"768\" height=\"1024\" src=\"http:\/\/arbeitsinitiative-letschin.de\/wp-content\/uploads\/2022\/10\/IMG_20220810_100332-768x1024.jpg\" alt=\"\" data-id=\"991\" data-full-url=\"http:\/\/arbeitsinitiative-letschin.de\/wp-content\/uploads\/2022\/10\/IMG_20220810_100332-scaled.jpg\" data-link=\"http:\/\/arbeitsinitiative-letschin.de\/?attachment_id=991\" class=\"wp-image-991\" srcset=\"http:\/\/arbeitsinitiative-letschin.de\/wp-content\/uploads\/2022\/10\/IMG_20220810_100332-768x1024.jpg 768w, http:\/\/arbeitsinitiative-letschin.de\/wp-content\/uploads\/2022\/10\/IMG_20220810_100332-225x300.jpg 225w, http:\/\/arbeitsinitiative-letschin.de\/wp-content\/uploads\/2022\/10\/IMG_20220810_100332-1152x1536.jpg 1152w, http:\/\/arbeitsinitiative-letschin.de\/wp-content\/uploads\/2022\/10\/IMG_20220810_100332-1536x2048.jpg 1536w, http:\/\/arbeitsinitiative-letschin.de\/wp-content\/uploads\/2022\/10\/IMG_20220810_100332-624x832.jpg 624w, http:\/\/arbeitsinitiative-letschin.de\/wp-content\/uploads\/2022\/10\/IMG_20220810_100332-scaled.jpg 1920w\" sizes=\"auto, (max-width: 768px) 100vw, 768px\" \/><\/a><\/figure><\/li><li class=\"blocks-gallery-item\"><figure><a href=\"http:\/\/arbeitsinitiative-letschin.de\/wp-content\/uploads\/2022\/10\/IMG_20220810_100307-1-scaled.jpg\"><img loading=\"lazy\" decoding=\"async\" width=\"768\" height=\"1024\" src=\"http:\/\/arbeitsinitiative-letschin.de\/wp-content\/uploads\/2022\/10\/IMG_20220810_100307-1-768x1024.jpg\" alt=\"\" data-id=\"990\" data-full-url=\"http:\/\/arbeitsinitiative-letschin.de\/wp-content\/uploads\/2022\/10\/IMG_20220810_100307-1-scaled.jpg\" data-link=\"http:\/\/arbeitsinitiative-letschin.de\/?attachment_id=990\" class=\"wp-image-990\" srcset=\"http:\/\/arbeitsinitiative-letschin.de\/wp-content\/uploads\/2022\/10\/IMG_20220810_100307-1-768x1024.jpg 768w, http:\/\/arbeitsinitiative-letschin.de\/wp-content\/uploads\/2022\/10\/IMG_20220810_100307-1-225x300.jpg 225w, http:\/\/arbeitsinitiative-letschin.de\/wp-content\/uploads\/2022\/10\/IMG_20220810_100307-1-1152x1536.jpg 1152w, http:\/\/arbeitsinitiative-letschin.de\/wp-content\/uploads\/2022\/10\/IMG_20220810_100307-1-1536x2048.jpg 1536w, http:\/\/arbeitsinitiative-letschin.de\/wp-content\/uploads\/2022\/10\/IMG_20220810_100307-1-624x832.jpg 624w, http:\/\/arbeitsinitiative-letschin.de\/wp-content\/uploads\/2022\/10\/IMG_20220810_100307-1-scaled.jpg 1920w\" sizes=\"auto, (max-width: 768px) 100vw, 768px\" \/><\/a><\/figure><\/li><\/ul><\/figure>\n","protected":false},"excerpt":{"rendered":"<p>Das einstige Schulgeb\u00e4ude in Buschdorf beherbergt seit 01.01.2002 das einzige Korbmachermuseum Brandenburgs. Die Korbmachermeisterin Thea M\u00fcller war eine der letzten, die im Oderbruch Weidenruten schneiden, sch\u00e4len und zu K\u00f6rben flechten&#8230; <a href=\"http:\/\/arbeitsinitiative-letschin.de\/?page_id=2\">Read more &raquo;<\/a><\/p>\n","protected":false},"author":3,"featured_media":0,"parent":792,"menu_order":14,"comment_status":"closed","ping_status":"open","template":"","meta":{"footnotes":""},"class_list":["post-2","page","type-page","status-publish","hentry"],"_links":{"self":[{"href":"http:\/\/arbeitsinitiative-letschin.de\/index.php?rest_route=\/wp\/v2\/pages\/2","targetHints":{"allow":["GET"]}}],"collection":[{"href":"http:\/\/arbeitsinitiative-letschin.de\/index.php?rest_route=\/wp\/v2\/pages"}],"about":[{"href":"http:\/\/arbeitsinitiative-letschin.de\/index.php?rest_route=\/wp\/v2\/types\/page"}],"author":[{"embeddable":true,"href":"http:\/\/arbeitsinitiative-letschin.de\/index.php?rest_route=\/wp\/v2\/users\/3"}],"replies":[{"embeddable":true,"href":"http:\/\/arbeitsinitiative-letschin.de\/index.php?rest_route=%2Fwp%2Fv2%2Fcomments&post=2"}],"version-history":[{"count":19,"href":"http:\/\/arbeitsinitiative-letschin.de\/index.php?rest_route=\/wp\/v2\/pages\/2\/revisions"}],"predecessor-version":[{"id":1028,"href":"http:\/\/arbeitsinitiative-letschin.de\/index.php?rest_route=\/wp\/v2\/pages\/2\/revisions\/1028"}],"up":[{"embeddable":true,"href":"http:\/\/arbeitsinitiative-letschin.de\/index.php?rest_route=\/wp\/v2\/pages\/792"}],"wp:attachment":[{"href":"http:\/\/arbeitsinitiative-letschin.de\/index.php?rest_route=%2Fwp%2Fv2%2Fmedia&parent=2"}],"curies":[{"name":"wp","href":"https:\/\/api.w.org\/{rel}","templated":true}]}}