{"id":21,"date":"2016-09-13T13:11:11","date_gmt":"2016-09-13T13:11:11","guid":{"rendered":"http:\/\/arbeitsinitiative-letschin.de\/?page_id=21"},"modified":"2024-03-20T12:32:13","modified_gmt":"2024-03-20T10:32:13","slug":"kontakt","status":"publish","type":"page","link":"http:\/\/arbeitsinitiative-letschin.de\/?page_id=21","title":{"rendered":"Kontakt"},"content":{"rendered":"<p>Damit wir mit Ihnen zusammen die beste L\u00f6sung f\u00fcr Sie finden k\u00f6nnen, nehmen Sie doch einfach unverbindlich mit uns Kontakt auf.<\/p>\n<p>Wir sind f\u00fcr Sie per<\/p>\n<p style=\"text-align: center;\"><b>E-Mail:<\/b> arbeitsinitiative-letschin@t-online.de<\/p>\n<p>oder<\/p>\n<p style=\"text-align: center;\"><strong>Tel.: <\/strong>033475\/50961<\/p>\n<p style=\"text-align: center;\"><strong>Fax:<\/strong> 033475\/570010<\/p>\n<p>zu den folgenden B\u00fcrozeiten erreichbar:<\/p>\n<p style=\"text-align: center;\"><strong>Mo &#8211;\u00a0Do\u00a0<\/strong> 07:00 &#8211; 15:45 Uhr<\/p>\n<p style=\"text-align: center;\"><strong>Fr<\/strong> \u00a0 07:00 &#8211; 13:30 Uhr<\/p>\n<p><b>Postanschrift: 15324 Letschin<\/b>; <b>Bahnhofstra\u00dfe 31<\/b><\/p>\n<p>Gerne nehmen wir uns f\u00fcr Sie Zeit und vereinbaren einen pers\u00f6nlichen Beratungstermin.<\/p>\n","protected":false},"excerpt":{"rendered":"<p>Damit wir mit Ihnen zusammen die beste L\u00f6sung f\u00fcr Sie finden k\u00f6nnen, nehmen Sie doch einfach unverbindlich mit uns Kontakt auf. Wir sind f\u00fcr Sie per E-Mail: arbeitsinitiative-letschin@t-online.de oder Tel.:&#8230; <a href=\"http:\/\/arbeitsinitiative-letschin.de\/?page_id=21\">Read more &raquo;<\/a><\/p>\n","protected":false},"author":1,"featured_media":0,"parent":13,"menu_order":4,"comment_status":"closed","ping_status":"closed","template":"","meta":{"footnotes":""},"class_list":["post-21","page","type-page","status-publish","hentry"],"_links":{"self":[{"href":"http:\/\/arbeitsinitiative-letschin.de\/index.php?rest_route=\/wp\/v2\/pages\/21","targetHints":{"allow":["GET"]}}],"collection":[{"href":"http:\/\/arbeitsinitiative-letschin.de\/index.php?rest_route=\/wp\/v2\/pages"}],"about":[{"href":"http:\/\/arbeitsinitiative-letschin.de\/index.php?rest_route=\/wp\/v2\/types\/page"}],"author":[{"embeddable":true,"href":"http:\/\/arbeitsinitiative-letschin.de\/index.php?rest_route=\/wp\/v2\/users\/1"}],"replies":[{"embeddable":true,"href":"http:\/\/arbeitsinitiative-letschin.de\/index.php?rest_route=%2Fwp%2Fv2%2Fcomments&post=21"}],"version-history":[{"count":11,"href":"http:\/\/arbeitsinitiative-letschin.de\/index.php?rest_route=\/wp\/v2\/pages\/21\/revisions"}],"predecessor-version":[{"id":1143,"href":"http:\/\/arbeitsinitiative-letschin.de\/index.php?rest_route=\/wp\/v2\/pages\/21\/revisions\/1143"}],"up":[{"embeddable":true,"href":"http:\/\/arbeitsinitiative-letschin.de\/index.php?rest_route=\/wp\/v2\/pages\/13"}],"wp:attachment":[{"href":"http:\/\/arbeitsinitiative-letschin.de\/index.php?rest_route=%2Fwp%2Fv2%2Fmedia&parent=21"}],"curies":[{"name":"wp","href":"https:\/\/api.w.org\/{rel}","templated":true}]}}