{"id":638,"date":"2020-11-26T12:18:32","date_gmt":"2020-11-26T10:18:32","guid":{"rendered":"http:\/\/arbeitsinitiative-letschin.de\/?page_id=638"},"modified":"2021-06-18T12:54:52","modified_gmt":"2021-06-18T10:54:52","slug":"gemeinsam-fuer-klimaschutz-und-biologische-vielfalt-wir-pflanzen-eine-hecke","status":"publish","type":"page","link":"http:\/\/arbeitsinitiative-letschin.de\/?page_id=638","title":{"rendered":"Gemeinsam f\u00fcr Klimaschutz und Biologische Vielfalt &#8211; Wir pflanzen eine Hecke"},"content":{"rendered":"<p><img loading=\"lazy\" decoding=\"async\" class=\"alignnone size-medium wp-image-634 aligncenter\" src=\"http:\/\/arbeitsinitiative-letschin.de\/wp-content\/uploads\/2020\/11\/Logo-300x127.jpg\" alt=\"\" width=\"300\" height=\"127\" srcset=\"http:\/\/arbeitsinitiative-letschin.de\/wp-content\/uploads\/2020\/11\/Logo-300x127.jpg 300w, http:\/\/arbeitsinitiative-letschin.de\/wp-content\/uploads\/2020\/11\/Logo.jpg 450w\" sizes=\"auto, (max-width: 300px) 100vw, 300px\" \/><\/p>\n<p style=\"text-align: center;\"><strong>Was ist der Anlass f\u00fcr\u00a0unser Projekt?<\/strong><\/p>\n<p>Der Klimawandel ist auch im Oderbruch deutlich sp\u00fcrbar und sichtbar. Langanhaltende Trockenheit und hei\u00dfere Tage wirken sich auf Flora und Fauna aus. Es gibt immer weniger Insektenarten zu beobachten und die Artenvielfalt, besonders in der Vogelwelt, ist r\u00fcckl\u00e4ufig. Durch das Projekt wollen wir\u00a0aktiv etwas zur Verbesserung des Mikroklimas und zur F\u00f6rderung der Biodiversit\u00e4t beitragen.<\/p>\n<p>Die Geh\u00f6lze binden und speichern \u00fcber Jahre hinweg CO2 und andere Treibhausgase und geben Sauerstoff ab. Die Hecke bietet Lebensraum f\u00fcr eine Vielzahl von Wildkr\u00e4utern. Sie wird Lebensraum f\u00fcr viele Wirbellose, Amphibien, Reptilien, V\u00f6gel und Kleins\u00e4uger: sie dient als Ansitz und Singwarte, bietet Schutz und Deckung vor Witterung, Feinden und St\u00f6rungen, ist \u00dcberwinterungsquartier, Wohn-, Schlaf-, Brut- und Nahrungsraum. Die Hecke reguliert das Kleinklima und erh\u00f6ht die landschaftliche Vielfalt.<\/p>\n<p>Die Hecke wird Ausgangspunkt f\u00fcr Naturbeobachtungen sein und dient als Demonstrationsobjekt zum Nachmachen.<\/p>\n<p style=\"text-align: center;\"><strong>Wie stellen wir uns die Umsetzung des Projektes vor?<\/strong><\/p>\n<p>Innerhalb eines Workshops wird gemeinsam mit Kita, Schule, Vereinen, Kommune u.a. eine Wildhecke gepflanzt. Neben der Vermittlung von Hintergrundinformationen zur Bedeutung und Funktion von Hecken gibt es ebenso Informationen zu den gew\u00e4hlten Geh\u00f6lzen. Durch das gemeinschaftliche Pflanzen entsteht eine gewisse Identifikation mit der Thematik Klimaschutz und Artenvielfalt. Erg\u00e4nzt wird der Workshop durch das Anfertigen von kleinen Insektenhotels und Futterh\u00e4uschen. Dabei wird das Thema Upcycling aufgegriffen.<\/p>\n<p>Einhergehend besteht die M\u00f6glichkeit sich in lockeren Runden\/Gruppen zu den Themen auszutauschen, Erfahrungen und Tipps weiterzugeben und Fragen rund um Hecken oder Wildgeh\u00f6lze zu stellen.<\/p>\n<p style=\"text-align: center;\"><a href=\"http:\/\/arbeitsinitiative-letschin.de\/wp-content\/uploads\/2021\/06\/Vorbereitungen_mitBildern-1.pdf\" target=\"_blank\" rel=\"noopener\">Impressionen des Workshops<\/a><\/p>\n<p>&nbsp;<\/p>\n<p><em>Mehr Informationen zum<span class=\"startklein\"> F\u00f6rderprogramm<\/span> <span class=\"aktionach\">Aktion Gesunde Umwelt<\/span> <span class=\"startklein\">und<\/span> <span class=\"aktiogesund\">Aktion Nachhaltige Entwicklung \u2013 Lokale Agenda 21<\/span> <span class=\"startklein\">in Brandenburg finden sie hier: <a href=\"http:\/\/aktion-brandenburg.de\/\" target=\"_blank\" rel=\"noopener\">http:\/\/aktion-brandenburg.de\/<\/a><\/span><\/em><\/p>\n","protected":false},"excerpt":{"rendered":"<p>Was ist der Anlass f\u00fcr\u00a0unser Projekt? Der Klimawandel ist auch im Oderbruch deutlich sp\u00fcrbar und sichtbar. Langanhaltende Trockenheit und hei\u00dfere Tage wirken sich auf Flora und Fauna aus. Es gibt&#8230; <a href=\"http:\/\/arbeitsinitiative-letschin.de\/?page_id=638\">Read more &raquo;<\/a><\/p>\n","protected":false},"author":3,"featured_media":0,"parent":15,"menu_order":0,"comment_status":"closed","ping_status":"closed","template":"","meta":{"footnotes":""},"class_list":["post-638","page","type-page","status-publish","hentry"],"_links":{"self":[{"href":"http:\/\/arbeitsinitiative-letschin.de\/index.php?rest_route=\/wp\/v2\/pages\/638","targetHints":{"allow":["GET"]}}],"collection":[{"href":"http:\/\/arbeitsinitiative-letschin.de\/index.php?rest_route=\/wp\/v2\/pages"}],"about":[{"href":"http:\/\/arbeitsinitiative-letschin.de\/index.php?rest_route=\/wp\/v2\/types\/page"}],"author":[{"embeddable":true,"href":"http:\/\/arbeitsinitiative-letschin.de\/index.php?rest_route=\/wp\/v2\/users\/3"}],"replies":[{"embeddable":true,"href":"http:\/\/arbeitsinitiative-letschin.de\/index.php?rest_route=%2Fwp%2Fv2%2Fcomments&post=638"}],"version-history":[{"count":7,"href":"http:\/\/arbeitsinitiative-letschin.de\/index.php?rest_route=\/wp\/v2\/pages\/638\/revisions"}],"predecessor-version":[{"id":688,"href":"http:\/\/arbeitsinitiative-letschin.de\/index.php?rest_route=\/wp\/v2\/pages\/638\/revisions\/688"}],"up":[{"embeddable":true,"href":"http:\/\/arbeitsinitiative-letschin.de\/index.php?rest_route=\/wp\/v2\/pages\/15"}],"wp:attachment":[{"href":"http:\/\/arbeitsinitiative-letschin.de\/index.php?rest_route=%2Fwp%2Fv2%2Fmedia&parent=638"}],"curies":[{"name":"wp","href":"https:\/\/api.w.org\/{rel}","templated":true}]}}